{"id":809,"date":"2026-02-27T13:27:08","date_gmt":"2026-02-27T13:27:08","guid":{"rendered":"https:\/\/springsmedicalresearch.com\/?page_id=809"},"modified":"2026-03-04T15:06:38","modified_gmt":"2026-03-04T15:06:38","slug":"providers","status":"publish","type":"page","link":"https:\/\/springsmedicalresearch.com\/es\/providers\/","title":{"rendered":"NUESTRO PERSONAL"},"content":{"rendered":"<div data-elementor-type=\"wp-page\" data-elementor-id=\"809\" class=\"elementor elementor-809\" data-elementor-post-type=\"page\">\n\t\t\t\t\t\t<section class=\"elementor-section elementor-top-section elementor-element elementor-element-5999f2e elementor-section-full_width elementor-section-height-default elementor-section-height-default\" data-id=\"5999f2e\" data-element_type=\"section\" data-e-type=\"section\">\n\t\t\t\t\t\t<div class=\"elementor-container elementor-column-gap-default\">\n\t\t\t\t\t<div class=\"elementor-column elementor-col-100 elementor-top-column elementor-element elementor-element-193f232\" data-id=\"193f232\" data-element_type=\"column\" data-e-type=\"column\">\n\t\t\t<div class=\"elementor-widget-wrap elementor-element-populated\">\n\t\t\t\t\t\t<div class=\"elementor-element elementor-element-7f2a261 elementor-widget elementor-widget-html\" data-id=\"7f2a261\" data-element_type=\"widget\" data-e-type=\"widget\" data-widget_type=\"html.default\">\n\t\t\t\t\t\t\t<style>\r\n  \/* Variables de Dise\u00f1o con Colores del Header *\/\r\n  :root {\r\n    --brand-navy: #0f172a; \/* Azul marino profundo *\/\r\n    --brand-teal: #00a99d; \/* Turquesa\/Teal acento *\/\r\n    --text-slate: #1e293b; \/* Texto oscuro principal *\/\r\n    --text-muted: #475569; \/* Texto del cuerpo *\/\r\n    --bg-light-gray: #f8fafc; \/* Fondo de la secci\u00f3n *\/\r\n    --bg-white: #ffffff; \/* Fondo de tarjeta *\/\r\n    --border-subtle: #e2e8f0; \/* Borde suave *\/\r\n    --pending-circle: #f1f5f9; \/* C\u00edrculo de placeholder *\/\r\n    --pending-text: #94a3b8; \/* Texto de 'Pending' *\/\r\n  }\r\n\r\n  .corp-providers-section {\r\n    padding: 6rem 1.5rem;\r\n    background-color: var(--bg-light-gray);\r\n    font-family: -apple-system, BlinkMacSystemFont, 'Segoe UI', Roboto, Helvetica, Arial, sans-serif;\r\n  }\r\n\r\n  .corp-providers-container {\r\n    max-width: 1280px;\r\n    margin: 0 auto;\r\n  }\r\n\r\n  .corp-providers-header {\r\n    text-align: center;\r\n    margin-bottom: 5rem;\r\n    position: relative;\r\n    padding-top: 1rem;\r\n  }\r\n\r\n  .corp-providers-header::before {\r\n    content: '';\r\n    position: absolute;\r\n    top: 0;\r\n    left: 50%;\r\n    transform: translateX(-50%);\r\n    width: 60px;\r\n    height: 4px;\r\n    background-color: var(--brand-teal);\r\n    border-radius: 999px;\r\n  }\r\n\r\n  .corp-providers-header h2 {\r\n    font-size: 2.75rem;\r\n    color: var(--brand-navy);\r\n    font-weight: 700;\r\n    margin-bottom: 0.75rem;\r\n    letter-spacing: -0.03em;\r\n  }\r\n\r\n  .corp-providers-header p {\r\n    color: var(--text-muted);\r\n    font-size: 1.125rem;\r\n    max-width: 650px;\r\n    margin: 0 auto;\r\n    line-height: 1.6;\r\n  }\r\n\r\n  .corp-providers-grid {\r\n    display: grid;\r\n    grid-template-columns: repeat(auto-fit, minmax(280px, 1fr));\r\n    gap: 3rem;\r\n  }\r\n\r\n  .provider-card-corp {\r\n    background: var(--bg-white);\r\n    border-radius: 12px;\r\n    padding: 2.5rem 1.5rem 3rem 1.5rem;\r\n    text-align: center;\r\n    transition: transform 0.3s ease, box-shadow 0.3s ease;\r\n    border: 1px solid var(--border-subtle);\r\n    box-shadow: 0 4px 6px -1px rgba(0, 0, 0, 0.02);\r\n    display: flex;\r\n    flex-direction: column;\r\n    align-items: center;\r\n    height: 100%;\r\n  }\r\n\r\n  .provider-card-corp:hover {\r\n    transform: translateY(-8px);\r\n    box-shadow: 0 20px 25px -5px rgba(0, 0, 0, 0.04), 0 8px 10px -6px rgba(0, 0, 0, 0.01);\r\n  }\r\n\r\n  .provider-placeholder-image {\r\n    width: 130px;\r\n    height: 130px;\r\n    border-radius: 50%;\r\n    background-color: var(--pending-circle);\r\n    display: flex;\r\n    justify-content: center;\r\n    align-items: center;\r\n    color: var(--pending-text);\r\n    font-weight: 500;\r\n    font-size: 0.9rem;\r\n    text-transform: uppercase;\r\n    letter-spacing: 0.1em;\r\n    border: 1px solid var(--border-subtle);\r\n    margin-bottom: 2rem;\r\n    overflow: hidden; \/* Asegura que la imagen sea circular *\/\r\n  }\r\n\r\n  \/* Estilo para cuando hay imagen *\/\r\n  .provider-placeholder-image img {\r\n    width: 100%;\r\n    height: 100%;\r\n    object-fit: cover; \/* Mantiene la proporci\u00f3n y cubre el c\u00edrculo *\/\r\n  }\r\n\r\n  .provider-name-headline {\r\n    font-size: 1.4rem;\r\n    color: var(--brand-navy);\r\n    margin: 0 0 1rem 0;\r\n    font-weight: 600;\r\n    line-height: 1.3;\r\n  }\r\n\r\n  .credential-container {\r\n    border-top: 1px solid var(--border-subtle);\r\n    padding-top: 1rem;\r\n    width: 100%;\r\n    margin-top: auto;\r\n  }\r\n\r\n  .credential-acronym {\r\n    display: inline-block;\r\n    color: var(--brand-teal);\r\n    font-weight: 600;\r\n    font-size: 1rem;\r\n    margin-bottom: 0.25rem;\r\n    letter-spacing: 0.05em;\r\n  }\r\n\r\n  .credential-full-meaning {\r\n    display: block;\r\n    font-size: 0.85rem;\r\n    color: var(--text-muted);\r\n    font-weight: 400;\r\n    line-height: 1.4;\r\n    text-transform: uppercase;\r\n    letter-spacing: 0.05em;\r\n  }\r\n<\/style>\r\n\r\n<section id=\"providers\" class=\"corp-providers-section\">\r\n  <div class=\"corp-providers-container\">\r\n    <div class=\"corp-providers-header\">\r\n      <h2>Nuestros Expertos M\u00e9dicos<\/h2>\r\n      <p>Dedicados a brindar una atenci\u00f3n excepcional. Conozca a los profesionales comprometidos que lideran nuestra pr\u00e1ctica de investigaci\u00f3n m\u00e9dica.<\/p>\r\n    <\/div>\r\n\r\n    <div class=\"corp-providers-grid\">\r\n      <div class=\"provider-card-corp\">\r\n        <div class=\"provider-placeholder-image\">\r\n          <img decoding=\"async\" src=\"https:\/\/springsmedicalresearch.com\/wp-content\/uploads\/2026\/03\/Dr-Merlin.jpeg\" alt=\"Dr. Merlin Osorio\">\r\n        <\/div>\r\n        <h3 class=\"provider-name-headline\">Merlin Osorio<\/h3>\r\n        <div class=\"credential-container\">\r\n          <span class=\"credential-acronym\">M.D.<\/span>\r\n          <span class=\"credential-full-meaning\">M\u00e9dico<\/span>\r\n        <\/div>\r\n      <\/div>\r\n\r\n      <div class=\"provider-card-corp\">\r\n        <div class=\"provider-placeholder-image\">\r\n          <span>Pending<\/span>\r\n        <\/div>\r\n        <h3 class=\"provider-name-headline\">Claudia Arencibia<\/h3>\r\n        <div class=\"credential-container\">\r\n          <span class=\"credential-acronym\">P.A.<\/span>\r\n          <span class=\"credential-full-meaning\">Asistente M\u00e9dico<\/span>\r\n        <\/div>\r\n      <\/div>\r\n\r\n      <div class=\"provider-card-corp\">\r\n        <div class=\"provider-placeholder-image\">\r\n          <span>Pending<\/span>\r\n        <\/div>\r\n        <h3 class=\"provider-name-headline\">Katia Daniel<\/h3>\r\n        <div class=\"credential-container\">\r\n          <span class=\"credential-acronym\">ARNP.<\/span>\r\n          <span class=\"credential-full-meaning\">Enfermera Practicante de Pr\u00e1ctica Avanzada<\/span>\r\n        <\/div>\r\n      <\/div>\r\n\r\n      <div class=\"provider-card-corp\">\r\n        <div class=\"provider-placeholder-image\">\r\n          <span>Pending<\/span>\r\n        <\/div>\r\n        <h3 class=\"provider-name-headline\">Yuslin Sanchez Barral<\/h3>\r\n        <div class=\"credential-container\">\r\n          <span class=\"credential-acronym\">ARNP.<\/span>\r\n          <span class=\"credential-full-meaning\">Enfermera Practicante de Pr\u00e1ctica Avanzada<\/span>\r\n        <\/div>\r\n      <\/div>\r\n    <\/div>\r\n  <\/div>\r\n<\/section>\t\t\t\t<\/div>\n\t\t\t\t\t<\/div>\n\t\t<\/div>\n\t\t\t\t\t<\/div>\n\t\t<\/section>\n\t\t\t\t<\/div>","protected":false},"excerpt":{"rendered":"<p>Our Medical Experts Dedicated to providing exceptional care. Meet the dedicated professionals behind our medical research practice. Merlin Osorio M.D. Medical Doctor Pending Claudia Arencibia P.A. Physician Assistant Pending Katia Daniel ARNP. Advanced Registered Nurse Practitioner Pending Yuslin Sanchez Barral ARNP. Advanced Registered Nurse Practitioner<\/p>","protected":false},"author":1,"featured_media":0,"parent":0,"menu_order":0,"comment_status":"closed","ping_status":"closed","template":"elementor_canvas","meta":{"footnotes":""},"class_list":["post-809","page","type-page","status-publish","hentry"],"yoast_head":"<!-- This site is optimized with the Yoast SEO plugin v27.4 - https:\/\/yoast.com\/product\/yoast-seo-wordpress\/ -->\n<title>Meet Our Medical Providers | Springs Medical &amp; Research Miami<\/title>\n<meta name=\"description\" content=\"Get to know the dedicated team of medical experts at Springs Medical &amp; Research in Miami, FL. Discover our providers&#039; credentials and book your appointment today.\" \/>\n<meta name=\"robots\" content=\"index, follow, max-snippet:-1, max-image-preview:large, max-video-preview:-1\" \/>\n<link rel=\"canonical\" href=\"https:\/\/springsmedicalresearch.com\/es\/providers\/\" \/>\n<meta property=\"og:locale\" content=\"es_MX\" \/>\n<meta property=\"og:type\" content=\"article\" \/>\n<meta property=\"og:title\" content=\"Meet Our Medical Providers | Springs Medical &amp; Research Miami\" \/>\n<meta property=\"og:description\" content=\"Get to know the dedicated team of medical experts at Springs Medical &amp; Research in Miami, FL. Discover our providers&#039; credentials and book your appointment today.\" \/>\n<meta property=\"og:url\" content=\"https:\/\/springsmedicalresearch.com\/es\/providers\/\" \/>\n<meta property=\"og:site_name\" content=\"Springs Medical Researh\" \/>\n<meta property=\"article:modified_time\" content=\"2026-03-04T15:06:38+00:00\" \/>\n<meta property=\"og:image\" content=\"https:\/\/springsmedicalresearch.com\/wp-content\/uploads\/2026\/03\/Dr-Merlin.jpeg\" \/>\n<meta name=\"twitter:card\" content=\"summary_large_image\" \/>\n<meta name=\"twitter:label1\" content=\"Tiempo de lectura\" \/>\n\t<meta name=\"twitter:data1\" content=\"2 minutos\" \/>\n<script type=\"application\/ld+json\" class=\"yoast-schema-graph\">{\"@context\":\"https:\\\/\\\/schema.org\",\"@graph\":[{\"@type\":\"WebPage\",\"@id\":\"https:\\\/\\\/springsmedicalresearch.com\\\/providers\\\/\",\"url\":\"https:\\\/\\\/springsmedicalresearch.com\\\/providers\\\/\",\"name\":\"Meet Our Medical Providers | Springs Medical & Research Miami\",\"isPartOf\":{\"@id\":\"https:\\\/\\\/springsmedicalresearch.com\\\/#website\"},\"primaryImageOfPage\":{\"@id\":\"https:\\\/\\\/springsmedicalresearch.com\\\/providers\\\/#primaryimage\"},\"image\":{\"@id\":\"https:\\\/\\\/springsmedicalresearch.com\\\/providers\\\/#primaryimage\"},\"thumbnailUrl\":\"https:\\\/\\\/springsmedicalresearch.com\\\/wp-content\\\/uploads\\\/2026\\\/03\\\/Dr-Merlin.jpeg\",\"datePublished\":\"2026-02-27T13:27:08+00:00\",\"dateModified\":\"2026-03-04T15:06:38+00:00\",\"description\":\"Get to know the dedicated team of medical experts at Springs Medical & Research in Miami, FL. Discover our providers' credentials and book your appointment today.\",\"breadcrumb\":{\"@id\":\"https:\\\/\\\/springsmedicalresearch.com\\\/providers\\\/#breadcrumb\"},\"inLanguage\":\"es\",\"potentialAction\":[{\"@type\":\"ReadAction\",\"target\":[\"https:\\\/\\\/springsmedicalresearch.com\\\/providers\\\/\"]}]},{\"@type\":\"ImageObject\",\"inLanguage\":\"es\",\"@id\":\"https:\\\/\\\/springsmedicalresearch.com\\\/providers\\\/#primaryimage\",\"url\":\"https:\\\/\\\/springsmedicalresearch.com\\\/wp-content\\\/uploads\\\/2026\\\/03\\\/Dr-Merlin.jpeg\",\"contentUrl\":\"https:\\\/\\\/springsmedicalresearch.com\\\/wp-content\\\/uploads\\\/2026\\\/03\\\/Dr-Merlin.jpeg\"},{\"@type\":\"BreadcrumbList\",\"@id\":\"https:\\\/\\\/springsmedicalresearch.com\\\/providers\\\/#breadcrumb\",\"itemListElement\":[{\"@type\":\"ListItem\",\"position\":1,\"name\":\"Home\",\"item\":\"https:\\\/\\\/springsmedicalresearch.com\\\/\"},{\"@type\":\"ListItem\",\"position\":2,\"name\":\"Providers\"}]},{\"@type\":\"WebSite\",\"@id\":\"https:\\\/\\\/springsmedicalresearch.com\\\/#website\",\"url\":\"https:\\\/\\\/springsmedicalresearch.com\\\/\",\"name\":\"Springs Medical Researh\",\"description\":\"My WordPress Blog\",\"potentialAction\":[{\"@type\":\"SearchAction\",\"target\":{\"@type\":\"EntryPoint\",\"urlTemplate\":\"https:\\\/\\\/springsmedicalresearch.com\\\/?s={search_term_string}\"},\"query-input\":{\"@type\":\"PropertyValueSpecification\",\"valueRequired\":true,\"valueName\":\"search_term_string\"}}],\"inLanguage\":\"es\"}]}<\/script>\n<!-- \/ Yoast SEO plugin. -->","yoast_head_json":{"title":"Meet Our Medical Providers | Springs Medical & Research Miami","description":"Get to know the dedicated team of medical experts at Springs Medical & Research in Miami, FL. Discover our providers' credentials and book your appointment today.","robots":{"index":"index","follow":"follow","max-snippet":"max-snippet:-1","max-image-preview":"max-image-preview:large","max-video-preview":"max-video-preview:-1"},"canonical":"https:\/\/springsmedicalresearch.com\/es\/providers\/","og_locale":"es_MX","og_type":"article","og_title":"Meet Our Medical Providers | Springs Medical & Research Miami","og_description":"Get to know the dedicated team of medical experts at Springs Medical & Research in Miami, FL. Discover our providers' credentials and book your appointment today.","og_url":"https:\/\/springsmedicalresearch.com\/es\/providers\/","og_site_name":"Springs Medical Researh","article_modified_time":"2026-03-04T15:06:38+00:00","og_image":[{"url":"https:\/\/springsmedicalresearch.com\/wp-content\/uploads\/2026\/03\/Dr-Merlin.jpeg","type":"","width":"","height":""}],"twitter_card":"summary_large_image","twitter_misc":{"Tiempo de lectura":"2 minutos"},"schema":{"@context":"https:\/\/schema.org","@graph":[{"@type":"WebPage","@id":"https:\/\/springsmedicalresearch.com\/providers\/","url":"https:\/\/springsmedicalresearch.com\/providers\/","name":"Meet Our Medical Providers | Springs Medical & Research Miami","isPartOf":{"@id":"https:\/\/springsmedicalresearch.com\/#website"},"primaryImageOfPage":{"@id":"https:\/\/springsmedicalresearch.com\/providers\/#primaryimage"},"image":{"@id":"https:\/\/springsmedicalresearch.com\/providers\/#primaryimage"},"thumbnailUrl":"https:\/\/springsmedicalresearch.com\/wp-content\/uploads\/2026\/03\/Dr-Merlin.jpeg","datePublished":"2026-02-27T13:27:08+00:00","dateModified":"2026-03-04T15:06:38+00:00","description":"Get to know the dedicated team of medical experts at Springs Medical & Research in Miami, FL. Discover our providers' credentials and book your appointment today.","breadcrumb":{"@id":"https:\/\/springsmedicalresearch.com\/providers\/#breadcrumb"},"inLanguage":"es","potentialAction":[{"@type":"ReadAction","target":["https:\/\/springsmedicalresearch.com\/providers\/"]}]},{"@type":"ImageObject","inLanguage":"es","@id":"https:\/\/springsmedicalresearch.com\/providers\/#primaryimage","url":"https:\/\/springsmedicalresearch.com\/wp-content\/uploads\/2026\/03\/Dr-Merlin.jpeg","contentUrl":"https:\/\/springsmedicalresearch.com\/wp-content\/uploads\/2026\/03\/Dr-Merlin.jpeg"},{"@type":"BreadcrumbList","@id":"https:\/\/springsmedicalresearch.com\/providers\/#breadcrumb","itemListElement":[{"@type":"ListItem","position":1,"name":"Home","item":"https:\/\/springsmedicalresearch.com\/"},{"@type":"ListItem","position":2,"name":"Providers"}]},{"@type":"WebSite","@id":"https:\/\/springsmedicalresearch.com\/#website","url":"https:\/\/springsmedicalresearch.com\/","name":"Springs Medical Researh","description":"My WordPress Blog","potentialAction":[{"@type":"SearchAction","target":{"@type":"EntryPoint","urlTemplate":"https:\/\/springsmedicalresearch.com\/?s={search_term_string}"},"query-input":{"@type":"PropertyValueSpecification","valueRequired":true,"valueName":"search_term_string"}}],"inLanguage":"es"}]}},"_links":{"self":[{"href":"https:\/\/springsmedicalresearch.com\/es\/wp-json\/wp\/v2\/pages\/809","targetHints":{"allow":["GET"]}}],"collection":[{"href":"https:\/\/springsmedicalresearch.com\/es\/wp-json\/wp\/v2\/pages"}],"about":[{"href":"https:\/\/springsmedicalresearch.com\/es\/wp-json\/wp\/v2\/types\/page"}],"author":[{"embeddable":true,"href":"https:\/\/springsmedicalresearch.com\/es\/wp-json\/wp\/v2\/users\/1"}],"replies":[{"embeddable":true,"href":"https:\/\/springsmedicalresearch.com\/es\/wp-json\/wp\/v2\/comments?post=809"}],"version-history":[{"count":7,"href":"https:\/\/springsmedicalresearch.com\/es\/wp-json\/wp\/v2\/pages\/809\/revisions"}],"predecessor-version":[{"id":929,"href":"https:\/\/springsmedicalresearch.com\/es\/wp-json\/wp\/v2\/pages\/809\/revisions\/929"}],"wp:attachment":[{"href":"https:\/\/springsmedicalresearch.com\/es\/wp-json\/wp\/v2\/media?parent=809"}],"curies":[{"name":"wp","href":"https:\/\/api.w.org\/{rel}","templated":true}]}}